{"id":1093,"date":"2025-10-03T13:05:16","date_gmt":"2025-10-03T11:05:16","guid":{"rendered":"https:\/\/cyma2006.com\/sobre-nosaltres\/"},"modified":"2025-10-22T12:03:09","modified_gmt":"2025-10-22T10:03:09","slug":"sobre-nosaltres","status":"publish","type":"page","link":"https:\/\/cyma2006.com\/ca\/sobre-nosaltres\/","title":{"rendered":"Sobre nosaltres"},"content":{"rendered":"\t\t<div data-elementor-type=\"wp-page\" data-elementor-id=\"1093\" class=\"elementor elementor-1093 elementor-322\">\n\t\t\t\t<div class=\"elementor-element elementor-element-aa493fc e-flex e-con-boxed e-con e-parent\" data-id=\"aa493fc\" data-element_type=\"container\" data-settings=\"{&quot;background_background&quot;:&quot;classic&quot;}\">\n\t\t\t\t\t<div class=\"e-con-inner\">\n\t\t<div class=\"elementor-element elementor-element-ea3f5dc e-con-full e-flex e-con e-child\" data-id=\"ea3f5dc\" data-element_type=\"container\">\n\t\t\t\t<div class=\"elementor-element elementor-element-00ffa5c elementor-widget elementor-widget-heading\" data-id=\"00ffa5c\" data-element_type=\"widget\" data-widget_type=\"heading.default\">\n\t\t\t\t<div class=\"elementor-widget-container\">\n\t\t\t\t\t<h1 class=\"elementor-heading-title elementor-size-default\">Sobre <strong>nosaltres<\/strong> <br>Grup Cyma 2006<\/h1>\t\t\t\t<\/div>\n\t\t\t\t<\/div>\n\t\t\t\t<div class=\"elementor-element elementor-element-3ee6d5c elementor-widget elementor-widget-text-editor\" data-id=\"3ee6d5c\" data-element_type=\"widget\" data-widget_type=\"text-editor.default\">\n\t\t\t\t<div class=\"elementor-widget-container\">\n\t\t\t\t\t\t\t\t\t<p>A <strong>Grupo Cyma<\/strong> portem m\u00e9s de <strong>30 anys dedicats al m\u00f3n animal<\/strong>, oferint serveis de <strong>perruqueria, est\u00e8tica i assessorament can\u00ed a Empuriabrava<\/strong>, Girona.<\/p><p>Som una empresa familiar que ha crescut amb una filosofia molt clara: tenir cura de cada mascota amb el mateix afecte, respecte i dedicaci\u00f3 que si fos la nostra.<\/p><p>La nostra feina va m\u00e9s enll\u00e0 de tallar el p\u00e8l o fer un bany. Busquem que cada visita sigui una <strong>experi\u00e8ncia tranquil\u00b7la, positiva i sense estr\u00e8s<\/strong> per al teu gos.<\/p><p>Per aix\u00f2 apliquem el nostre m\u00e8tode <strong>Non Stress<\/strong>, un enfocament basat en la paci\u00e8ncia, l&#8217;empatia i el benestar animal.<\/p>\t\t\t\t\t\t\t\t<\/div>\n\t\t\t\t<\/div>\n\t\t\t\t<\/div>\n\t\t<div class=\"elementor-element elementor-element-bd0c71f e-con-full e-flex e-con e-child\" data-id=\"bd0c71f\" data-element_type=\"container\">\n\t\t\t\t<div class=\"elementor-element elementor-element-f77ec90 elementor-widget elementor-widget-image\" data-id=\"f77ec90\" data-element_type=\"widget\" data-widget_type=\"image.default\">\n\t\t\t\t<div class=\"elementor-widget-container\">\n\t\t\t\t\t\t\t\t\t\t\t\t\t\t\t<img fetchpriority=\"high\" decoding=\"async\" width=\"900\" height=\"650\" src=\"https:\/\/cyma2006.com\/wp-content\/uploads\/2025\/10\/DSC04496.jpg\" class=\"attachment-large size-large wp-image-1090\" alt=\"Perruqueria Canina a Empuriabrava \u2013 Grupo Cyma\" srcset=\"https:\/\/cyma2006.com\/wp-content\/uploads\/2025\/10\/DSC04496.jpg 900w, https:\/\/cyma2006.com\/wp-content\/uploads\/2025\/10\/DSC04496-768x555.jpg 768w\" sizes=\"(max-width: 900px) 100vw, 900px\" \/>\t\t\t\t\t\t\t\t\t\t\t\t\t\t\t<\/div>\n\t\t\t\t<\/div>\n\t\t\t\t<div class=\"elementor-element elementor-element-8807048 elementor-widget elementor-widget-eael-creative-button\" data-id=\"8807048\" data-element_type=\"widget\" data-widget_type=\"eael-creative-button.default\">\n\t\t\t\t<div class=\"elementor-widget-container\">\n\t\t\t\t\t        <div class=\"eael-creative-button-wrapper\">\n\n            <a class=\"eael-creative-button eael-creative-button--default\" href=\"https:\/\/cyma2006.com\/ca\/contacte\/\" data-text=\"\">\n            \t    \n                <div class=\"creative-button-inner\">\n\n                    \n                    <span class=\"cretive-button-text\">Vine a con\u00e8ixer-nos!<\/span>\n\n                                    <\/div>\n\t                        <\/a>\n        <\/div>\n        \t\t\t\t<\/div>\n\t\t\t\t<\/div>\n\t\t\t\t<\/div>\n\t\t\t\t\t<\/div>\n\t\t\t\t<\/div>\n\t\t<div class=\"elementor-element elementor-element-9a5dfd5 e-flex e-con-boxed e-con e-parent\" data-id=\"9a5dfd5\" data-element_type=\"container\">\n\t\t\t\t\t<div class=\"e-con-inner\">\n\t\t<div class=\"elementor-element elementor-element-219f3ba e-con-full e-flex e-con e-child\" data-id=\"219f3ba\" data-element_type=\"container\">\n\t\t\t\t<div class=\"elementor-element elementor-element-af035fd elementor-widget elementor-widget-heading\" data-id=\"af035fd\" data-element_type=\"widget\" data-widget_type=\"heading.default\">\n\t\t\t\t<div class=\"elementor-widget-container\">\n\t\t\t\t\t<h2 class=\"elementor-heading-title elementor-size-default\">Una hist\u00f2ria amb arrels i molt d'<strong>amor<\/strong> \u2764\ufe0f<\/h2>\t\t\t\t<\/div>\n\t\t\t\t<\/div>\n\t\t\t\t<div class=\"elementor-element elementor-element-02bcba2 elementor-widget elementor-widget-text-editor\" data-id=\"02bcba2\" data-element_type=\"widget\" data-widget_type=\"text-editor.default\">\n\t\t\t\t<div class=\"elementor-widget-container\">\n\t\t\t\t\t\t\t\t\t<p>Tot va comen\u00e7ar quan la nostra passi\u00f3 pels animals es va transformar en professi\u00f3. El 1995 vam adquirir una botiga d&#8217;animals anomenada Anipar, que ja feia 15 anys que estava oberta.<\/p><p>Poc despr\u00e9s, el 2006, vam crear una empresa de distribuci\u00f3 familiar que completava els nostres serveis de perruqueria i est\u00e8tica canina.<\/p><p>Aix\u00ed va n\u00e9ixer <strong>Grupo Cyma<\/strong>, una empresa formada per un equip lliurat al 100% a la seva vocaci\u00f3: la cura i la bellesa de les mascotes.<\/p><p>Al llarg dels anys, hem evolucionat i modernitzat les nostres instal\u00b7lacions per adaptar-nos als nous temps, mantenint sempre la mateixa ess\u00e8ncia: l&#8217;amor pels animals.<\/p>\t\t\t\t\t\t\t\t<\/div>\n\t\t\t\t<\/div>\n\t\t\t\t<\/div>\n\t\t<div class=\"elementor-element elementor-element-ce3f74e e-con-full e-flex e-con e-child\" data-id=\"ce3f74e\" data-element_type=\"container\">\n\t\t\t\t<div class=\"elementor-element elementor-element-14b7685 elementor-widget elementor-widget-image\" data-id=\"14b7685\" data-element_type=\"widget\" data-widget_type=\"image.default\">\n\t\t\t\t<div class=\"elementor-widget-container\">\n\t\t\t\t\t\t\t\t\t\t\t\t\t\t\t<img decoding=\"async\" width=\"1200\" height=\"834\" src=\"https:\/\/cyma2006.com\/wp-content\/uploads\/2025\/10\/DSC04543.jpg\" class=\"attachment-large size-large wp-image-1091\" alt=\"Una hist\u00f2ria amb arrels i molt d&#039;amor\" srcset=\"https:\/\/cyma2006.com\/wp-content\/uploads\/2025\/10\/DSC04543.jpg 1200w, https:\/\/cyma2006.com\/wp-content\/uploads\/2025\/10\/DSC04543-768x534.jpg 768w\" sizes=\"(max-width: 1200px) 100vw, 1200px\" \/>\t\t\t\t\t\t\t\t\t\t\t\t\t\t\t<\/div>\n\t\t\t\t<\/div>\n\t\t\t\t<\/div>\n\t\t\t\t\t<\/div>\n\t\t\t\t<\/div>\n\t\t<div class=\"elementor-element elementor-element-bc556d9 e-flex e-con-boxed e-con e-parent\" data-id=\"bc556d9\" data-element_type=\"container\">\n\t\t\t\t\t<div class=\"e-con-inner\">\n\t\t<div class=\"elementor-element elementor-element-a881759 e-con-full e-flex e-con e-child\" data-id=\"a881759\" data-element_type=\"container\">\n\t\t\t\t<div class=\"elementor-element elementor-element-5fba817 elementor-widget elementor-widget-image\" data-id=\"5fba817\" data-element_type=\"widget\" data-widget_type=\"image.default\">\n\t\t\t\t<div class=\"elementor-widget-container\">\n\t\t\t\t\t\t\t\t\t\t\t\t\t\t\t<img decoding=\"async\" width=\"1200\" height=\"834\" src=\"https:\/\/cyma2006.com\/wp-content\/uploads\/2025\/10\/DSC04530.jpg\" class=\"attachment-large size-large wp-image-1092\" alt=\"Experts en perruqueria i est\u00e8tica canina\" srcset=\"https:\/\/cyma2006.com\/wp-content\/uploads\/2025\/10\/DSC04530.jpg 1200w, https:\/\/cyma2006.com\/wp-content\/uploads\/2025\/10\/DSC04530-768x534.jpg 768w\" sizes=\"(max-width: 1200px) 100vw, 1200px\" \/>\t\t\t\t\t\t\t\t\t\t\t\t\t\t\t<\/div>\n\t\t\t\t<\/div>\n\t\t\t\t<\/div>\n\t\t<div class=\"elementor-element elementor-element-03116dd e-con-full e-flex e-con e-child\" data-id=\"03116dd\" data-element_type=\"container\">\n\t\t\t\t<div class=\"elementor-element elementor-element-29244e7 elementor-widget elementor-widget-heading\" data-id=\"29244e7\" data-element_type=\"widget\" data-widget_type=\"heading.default\">\n\t\t\t\t<div class=\"elementor-widget-container\">\n\t\t\t\t\t<h2 class=\"elementor-heading-title elementor-size-default\">Experts en perruqueria i est\u00e8tica canina \ud83d\udc36<\/h2>\t\t\t\t<\/div>\n\t\t\t\t<\/div>\n\t\t\t\t<div class=\"elementor-element elementor-element-c76c5a8 elementor-widget elementor-widget-text-editor\" data-id=\"c76c5a8\" data-element_type=\"widget\" data-widget_type=\"text-editor.default\">\n\t\t\t\t<div class=\"elementor-widget-container\">\n\t\t\t\t\t\t\t\t\t<p>A la nostra perruqueria canina realitzem tot tipus de talls comercials (ALL BREEDS), tant a tisora \u200b\u200bcom a stripping, sempre amb t\u00e8cniques professionals i respectuoses.<\/p><p>Tamb\u00e9 oferim serveis d&#8217;est\u00e8tica canina avan\u00e7ada, utilitzant alta cosm\u00e8tica adaptada a cada tipus de p\u00e8l i pell.<\/p><p>Ens coneixen pels nostres resultats, pel tracte afectu\u00f3s cap als animals i per crear un entorn on les mascotes se senten segures i tranquil\u00b7les.<br><br>La majoria dels nostres clients s\u00f3n residents a Empuriabrava, per\u00f2 tamb\u00e9 ens visiten des de Roses, Castell\u00f3 d&#8217;Emp\u00faries, Figueres i Girona, atrets pel nostre servei de confian\u00e7a i atenci\u00f3 personalitzada.<\/p>\t\t\t\t\t\t\t\t<\/div>\n\t\t\t\t<\/div>\n\t\t\t\t<\/div>\n\t\t\t\t\t<\/div>\n\t\t\t\t<\/div>\n\t\t<div class=\"elementor-element elementor-element-7498347 e-flex e-con-boxed e-con e-parent\" data-id=\"7498347\" data-element_type=\"container\" data-settings=\"{&quot;background_background&quot;:&quot;classic&quot;,&quot;shape_divider_bottom&quot;:&quot;waves&quot;}\">\n\t\t\t\t\t<div class=\"e-con-inner\">\n\t\t\t\t<div class=\"elementor-shape elementor-shape-bottom\" aria-hidden=\"true\" data-negative=\"false\">\n\t\t\t<svg xmlns=\"http:\/\/www.w3.org\/2000\/svg\" viewBox=\"0 0 1000 100\" preserveAspectRatio=\"none\">\n\t<path class=\"elementor-shape-fill\" d=\"M421.9,6.5c22.6-2.5,51.5,0.4,75.5,5.3c23.6,4.9,70.9,23.5,100.5,35.7c75.8,32.2,133.7,44.5,192.6,49.7\n\tc23.6,2.1,48.7,3.5,103.4-2.5c54.7-6,106.2-25.6,106.2-25.6V0H0v30.3c0,0,72,32.6,158.4,30.5c39.2-0.7,92.8-6.7,134-22.4\n\tc21.2-8.1,52.2-18.2,79.7-24.2C399.3,7.9,411.6,7.5,421.9,6.5z\"\/>\n<\/svg>\t\t<\/div>\n\t\t\t\t<div class=\"elementor-element elementor-element-e1371fb elementor-widget elementor-widget-heading\" data-id=\"e1371fb\" data-element_type=\"widget\" data-widget_type=\"heading.default\">\n\t\t\t\t<div class=\"elementor-widget-container\">\n\t\t\t\t\t<h4 class=\"elementor-heading-title elementor-size-default\">Vine a con\u00e8ixer-nos i deixa'ns cuidar del teu millor amic<\/h4>\t\t\t\t<\/div>\n\t\t\t\t<\/div>\n\t\t\t\t<div class=\"elementor-element elementor-element-0750aef elementor-widget elementor-widget-text-editor\" data-id=\"0750aef\" data-element_type=\"widget\" data-widget_type=\"text-editor.default\">\n\t\t\t\t<div class=\"elementor-widget-container\">\n\t\t\t\t\t\t\t\t\t<p><strong>A Grup Cyma Empuriabrava tractem cada mascota com a part de la nostra fam\u00edlia.<\/strong><br>Si busques una perruqueria i est\u00e8tica canina de confian\u00e7a, on l&#8217;afecte i la professionalitat vagin de la m\u00e0, aquest \u00e9s el teu lloc. Truca&#8217;ns o escriu-nos per reservar cita i descobreix per qu\u00e8 tantes fam\u00edlies d&#8217;Empuriabrava, Roses i Castell\u00f3 d&#8217;Emp\u00faries confien en nosaltres.<\/p>\t\t\t\t\t\t\t\t<\/div>\n\t\t\t\t<\/div>\n\t\t\t\t<div class=\"elementor-element elementor-element-fa9b6c4 elementor-widget elementor-widget-eael-creative-button\" data-id=\"fa9b6c4\" data-element_type=\"widget\" data-widget_type=\"eael-creative-button.default\">\n\t\t\t\t<div class=\"elementor-widget-container\">\n\t\t\t\t\t        <div class=\"eael-creative-button-wrapper\">\n\n            <a class=\"eael-creative-button eael-creative-button--winona\" href=\"tel:0034972451113\" data-text=\"+34 972 45 11 13\">\n            \t    \n                <div class=\"creative-button-inner\">\n\n                    \n                    <span class=\"cretive-button-text\">Demana la teva cita avui mateix<\/span>\n\n                                    <\/div>\n\t                        <\/a>\n        <\/div>\n        \t\t\t\t<\/div>\n\t\t\t\t<\/div>\n\t\t\t\t\t<\/div>\n\t\t\t\t<\/div>\n\t\t\t\t<\/div>\n\t\t","protected":false},"excerpt":{"rendered":"<p>Sobre nosaltres Grup Cyma 2006 A Grupo Cyma portem m\u00e9s de 30 anys dedicats al m\u00f3n animal, oferint serveis de [&hellip;]<\/p>\n","protected":false},"author":1,"featured_media":0,"parent":0,"menu_order":0,"comment_status":"closed","ping_status":"closed","template":"","meta":{"site-sidebar-layout":"no-sidebar","site-content-layout":"","ast-site-content-layout":"full-width-container","site-content-style":"default","site-sidebar-style":"default","ast-global-header-display":"","ast-banner-title-visibility":"","ast-main-header-display":"","ast-hfb-above-header-display":"","ast-hfb-below-header-display":"","ast-hfb-mobile-header-display":"","site-post-title":"disabled","ast-breadcrumbs-content":"","ast-featured-img":"disabled","footer-sml-layout":"","theme-transparent-header-meta":"default","adv-header-id-meta":"","stick-header-meta":"default","header-above-stick-meta":"","header-main-stick-meta":"","header-below-stick-meta":"","astra-migrate-meta-layouts":"default","ast-page-background-enabled":"default","ast-page-background-meta":{"desktop":{"background-color":"var(--ast-global-color-5)","background-image":"","background-repeat":"repeat","background-position":"center center","background-size":"auto","background-attachment":"scroll","background-type":"","background-media":"","overlay-type":"","overlay-color":"","overlay-opacity":"","overlay-gradient":""},"tablet":{"background-color":"","background-image":"","background-repeat":"repeat","background-position":"center center","background-size":"auto","background-attachment":"scroll","background-type":"","background-media":"","overlay-type":"","overlay-color":"","overlay-opacity":"","overlay-gradient":""},"mobile":{"background-color":"","background-image":"","background-repeat":"repeat","background-position":"center center","background-size":"auto","background-attachment":"scroll","background-type":"","background-media":"","overlay-type":"","overlay-color":"","overlay-opacity":"","overlay-gradient":""}},"ast-content-background-meta":{"desktop":{"background-color":"var(--ast-global-color-4)","background-image":"","background-repeat":"repeat","background-position":"center center","background-size":"auto","background-attachment":"scroll","background-type":"","background-media":"","overlay-type":"","overlay-color":"","overlay-opacity":"","overlay-gradient":""},"tablet":{"background-color":"var(--ast-global-color-4)","background-image":"","background-repeat":"repeat","background-position":"center center","background-size":"auto","background-attachment":"scroll","background-type":"","background-media":"","overlay-type":"","overlay-color":"","overlay-opacity":"","overlay-gradient":""},"mobile":{"background-color":"var(--ast-global-color-4)","background-image":"","background-repeat":"repeat","background-position":"center center","background-size":"auto","background-attachment":"scroll","background-type":"","background-media":"","overlay-type":"","overlay-color":"","overlay-opacity":"","overlay-gradient":""}},"footnotes":""},"class_list":["post-1093","page","type-page","status-publish","hentry"],"yoast_head":"<!-- This site is optimized with the Yoast SEO plugin v26.2 - https:\/\/yoast.com\/wordpress\/plugins\/seo\/ -->\n<title>Sobre nosaltres - Grupo Cyma 2006<\/title>\n<meta name=\"description\" content=\"A Grupo Cyma ens dediquem al m\u00f3n animal, oferint serveis de perruqueria, est\u00e8tica i assessorament can\u00ed a Empuriabrava, Girona.\" \/>\n<meta name=\"robots\" content=\"index, follow, max-snippet:-1, max-image-preview:large, max-video-preview:-1\" \/>\n<link rel=\"canonical\" href=\"https:\/\/cyma2006.com\/ca\/sobre-nosaltres\/\" \/>\n<meta property=\"og:locale\" content=\"ca_ES\" \/>\n<meta property=\"og:type\" content=\"article\" \/>\n<meta property=\"og:title\" content=\"Sobre nosaltres - Grupo Cyma 2006\" \/>\n<meta property=\"og:description\" content=\"A Grupo Cyma ens dediquem al m\u00f3n animal, oferint serveis de perruqueria, est\u00e8tica i assessorament can\u00ed a Empuriabrava, Girona.\" \/>\n<meta property=\"og:url\" content=\"https:\/\/cyma2006.com\/ca\/sobre-nosaltres\/\" \/>\n<meta property=\"og:site_name\" content=\"Grupo Cyma 2006\" \/>\n<meta property=\"article:modified_time\" content=\"2025-10-22T10:03:09+00:00\" \/>\n<meta property=\"og:image\" content=\"https:\/\/cyma2006.com\/wp-content\/uploads\/2025\/10\/DSC04496.jpg\" \/>\n\t<meta property=\"og:image:width\" content=\"900\" \/>\n\t<meta property=\"og:image:height\" content=\"650\" \/>\n\t<meta property=\"og:image:type\" content=\"image\/jpeg\" \/>\n<meta name=\"twitter:card\" content=\"summary_large_image\" \/>\n<meta name=\"twitter:label1\" content=\"Temps estimat de lectura\" \/>\n\t<meta name=\"twitter:data1\" content=\"2 minuts\" \/>\n<script type=\"application\/ld+json\" class=\"yoast-schema-graph\">{\"@context\":\"https:\/\/schema.org\",\"@graph\":[{\"@type\":\"WebPage\",\"@id\":\"https:\/\/cyma2006.com\/ca\/sobre-nosaltres\/\",\"url\":\"https:\/\/cyma2006.com\/ca\/sobre-nosaltres\/\",\"name\":\"Sobre nosaltres - Grupo Cyma 2006\",\"isPartOf\":{\"@id\":\"https:\/\/cyma2006.com\/ca\/#website\"},\"primaryImageOfPage\":{\"@id\":\"https:\/\/cyma2006.com\/ca\/sobre-nosaltres\/#primaryimage\"},\"image\":{\"@id\":\"https:\/\/cyma2006.com\/ca\/sobre-nosaltres\/#primaryimage\"},\"thumbnailUrl\":\"https:\/\/cyma2006.com\/wp-content\/uploads\/2025\/10\/DSC04496.jpg\",\"datePublished\":\"2025-10-03T11:05:16+00:00\",\"dateModified\":\"2025-10-22T10:03:09+00:00\",\"description\":\"A Grupo Cyma ens dediquem al m\u00f3n animal, oferint serveis de perruqueria, est\u00e8tica i assessorament can\u00ed a Empuriabrava, Girona.\",\"breadcrumb\":{\"@id\":\"https:\/\/cyma2006.com\/ca\/sobre-nosaltres\/#breadcrumb\"},\"inLanguage\":\"ca\",\"potentialAction\":[{\"@type\":\"ReadAction\",\"target\":[\"https:\/\/cyma2006.com\/ca\/sobre-nosaltres\/\"]}]},{\"@type\":\"ImageObject\",\"inLanguage\":\"ca\",\"@id\":\"https:\/\/cyma2006.com\/ca\/sobre-nosaltres\/#primaryimage\",\"url\":\"https:\/\/cyma2006.com\/wp-content\/uploads\/2025\/10\/DSC04496.jpg\",\"contentUrl\":\"https:\/\/cyma2006.com\/wp-content\/uploads\/2025\/10\/DSC04496.jpg\"},{\"@type\":\"BreadcrumbList\",\"@id\":\"https:\/\/cyma2006.com\/ca\/sobre-nosaltres\/#breadcrumb\",\"itemListElement\":[{\"@type\":\"ListItem\",\"position\":1,\"name\":\"Portada\",\"item\":\"https:\/\/cyma2006.com\/ca\/\"},{\"@type\":\"ListItem\",\"position\":2,\"name\":\"Sobre nosaltres\"}]},{\"@type\":\"WebSite\",\"@id\":\"https:\/\/cyma2006.com\/ca\/#website\",\"url\":\"https:\/\/cyma2006.com\/ca\/\",\"name\":\"Grup Cyma 2006\",\"description\":\"Peluquer\u00eda Canina en Empuriabrava\",\"publisher\":{\"@id\":\"https:\/\/cyma2006.com\/ca\/#organization\"},\"potentialAction\":[{\"@type\":\"SearchAction\",\"target\":{\"@type\":\"EntryPoint\",\"urlTemplate\":\"https:\/\/cyma2006.com\/ca\/?s={search_term_string}\"},\"query-input\":{\"@type\":\"PropertyValueSpecification\",\"valueRequired\":true,\"valueName\":\"search_term_string\"}}],\"inLanguage\":\"ca\"},{\"@type\":\"Organization\",\"@id\":\"https:\/\/cyma2006.com\/ca\/#organization\",\"name\":\"Grup Cyma 2006\",\"url\":\"https:\/\/cyma2006.com\/ca\/\",\"logo\":{\"@type\":\"ImageObject\",\"inLanguage\":\"ca\",\"@id\":\"https:\/\/cyma2006.com\/ca\/#\/schema\/logo\/image\/\",\"url\":\"https:\/\/cyma2006.com\/wp-content\/uploads\/2025\/10\/logo-1.png\",\"contentUrl\":\"https:\/\/cyma2006.com\/wp-content\/uploads\/2025\/10\/logo-1.png\",\"width\":531,\"height\":224,\"caption\":\"Grup Cyma 2006\"},\"image\":{\"@id\":\"https:\/\/cyma2006.com\/ca\/#\/schema\/logo\/image\/\"}}]}<\/script>\n<!-- \/ Yoast SEO plugin. -->","yoast_head_json":{"title":"Sobre nosaltres - Grupo Cyma 2006","description":"A Grupo Cyma ens dediquem al m\u00f3n animal, oferint serveis de perruqueria, est\u00e8tica i assessorament can\u00ed a Empuriabrava, Girona.","robots":{"index":"index","follow":"follow","max-snippet":"max-snippet:-1","max-image-preview":"max-image-preview:large","max-video-preview":"max-video-preview:-1"},"canonical":"https:\/\/cyma2006.com\/ca\/sobre-nosaltres\/","og_locale":"ca_ES","og_type":"article","og_title":"Sobre nosaltres - Grupo Cyma 2006","og_description":"A Grupo Cyma ens dediquem al m\u00f3n animal, oferint serveis de perruqueria, est\u00e8tica i assessorament can\u00ed a Empuriabrava, Girona.","og_url":"https:\/\/cyma2006.com\/ca\/sobre-nosaltres\/","og_site_name":"Grupo Cyma 2006","article_modified_time":"2025-10-22T10:03:09+00:00","og_image":[{"width":900,"height":650,"url":"https:\/\/cyma2006.com\/wp-content\/uploads\/2025\/10\/DSC04496.jpg","type":"image\/jpeg"}],"twitter_card":"summary_large_image","twitter_misc":{"Temps estimat de lectura":"2 minuts"},"schema":{"@context":"https:\/\/schema.org","@graph":[{"@type":"WebPage","@id":"https:\/\/cyma2006.com\/ca\/sobre-nosaltres\/","url":"https:\/\/cyma2006.com\/ca\/sobre-nosaltres\/","name":"Sobre nosaltres - Grupo Cyma 2006","isPartOf":{"@id":"https:\/\/cyma2006.com\/ca\/#website"},"primaryImageOfPage":{"@id":"https:\/\/cyma2006.com\/ca\/sobre-nosaltres\/#primaryimage"},"image":{"@id":"https:\/\/cyma2006.com\/ca\/sobre-nosaltres\/#primaryimage"},"thumbnailUrl":"https:\/\/cyma2006.com\/wp-content\/uploads\/2025\/10\/DSC04496.jpg","datePublished":"2025-10-03T11:05:16+00:00","dateModified":"2025-10-22T10:03:09+00:00","description":"A Grupo Cyma ens dediquem al m\u00f3n animal, oferint serveis de perruqueria, est\u00e8tica i assessorament can\u00ed a Empuriabrava, Girona.","breadcrumb":{"@id":"https:\/\/cyma2006.com\/ca\/sobre-nosaltres\/#breadcrumb"},"inLanguage":"ca","potentialAction":[{"@type":"ReadAction","target":["https:\/\/cyma2006.com\/ca\/sobre-nosaltres\/"]}]},{"@type":"ImageObject","inLanguage":"ca","@id":"https:\/\/cyma2006.com\/ca\/sobre-nosaltres\/#primaryimage","url":"https:\/\/cyma2006.com\/wp-content\/uploads\/2025\/10\/DSC04496.jpg","contentUrl":"https:\/\/cyma2006.com\/wp-content\/uploads\/2025\/10\/DSC04496.jpg"},{"@type":"BreadcrumbList","@id":"https:\/\/cyma2006.com\/ca\/sobre-nosaltres\/#breadcrumb","itemListElement":[{"@type":"ListItem","position":1,"name":"Portada","item":"https:\/\/cyma2006.com\/ca\/"},{"@type":"ListItem","position":2,"name":"Sobre nosaltres"}]},{"@type":"WebSite","@id":"https:\/\/cyma2006.com\/ca\/#website","url":"https:\/\/cyma2006.com\/ca\/","name":"Grup Cyma 2006","description":"Peluquer\u00eda Canina en Empuriabrava","publisher":{"@id":"https:\/\/cyma2006.com\/ca\/#organization"},"potentialAction":[{"@type":"SearchAction","target":{"@type":"EntryPoint","urlTemplate":"https:\/\/cyma2006.com\/ca\/?s={search_term_string}"},"query-input":{"@type":"PropertyValueSpecification","valueRequired":true,"valueName":"search_term_string"}}],"inLanguage":"ca"},{"@type":"Organization","@id":"https:\/\/cyma2006.com\/ca\/#organization","name":"Grup Cyma 2006","url":"https:\/\/cyma2006.com\/ca\/","logo":{"@type":"ImageObject","inLanguage":"ca","@id":"https:\/\/cyma2006.com\/ca\/#\/schema\/logo\/image\/","url":"https:\/\/cyma2006.com\/wp-content\/uploads\/2025\/10\/logo-1.png","contentUrl":"https:\/\/cyma2006.com\/wp-content\/uploads\/2025\/10\/logo-1.png","width":531,"height":224,"caption":"Grup Cyma 2006"},"image":{"@id":"https:\/\/cyma2006.com\/ca\/#\/schema\/logo\/image\/"}}]}},"_links":{"self":[{"href":"https:\/\/cyma2006.com\/ca\/wp-json\/wp\/v2\/pages\/1093","targetHints":{"allow":["GET"]}}],"collection":[{"href":"https:\/\/cyma2006.com\/ca\/wp-json\/wp\/v2\/pages"}],"about":[{"href":"https:\/\/cyma2006.com\/ca\/wp-json\/wp\/v2\/types\/page"}],"author":[{"embeddable":true,"href":"https:\/\/cyma2006.com\/ca\/wp-json\/wp\/v2\/users\/1"}],"replies":[{"embeddable":true,"href":"https:\/\/cyma2006.com\/ca\/wp-json\/wp\/v2\/comments?post=1093"}],"version-history":[{"count":3,"href":"https:\/\/cyma2006.com\/ca\/wp-json\/wp\/v2\/pages\/1093\/revisions"}],"predecessor-version":[{"id":1131,"href":"https:\/\/cyma2006.com\/ca\/wp-json\/wp\/v2\/pages\/1093\/revisions\/1131"}],"wp:attachment":[{"href":"https:\/\/cyma2006.com\/ca\/wp-json\/wp\/v2\/media?parent=1093"}],"curies":[{"name":"wp","href":"https:\/\/api.w.org\/{rel}","templated":true}]}}