{"id":1136,"date":"2025-10-02T16:55:55","date_gmt":"2025-10-02T14:55:55","guid":{"rendered":"https:\/\/cyma2006.com\/assessorament-personalitzat\/"},"modified":"2025-10-22T12:06:11","modified_gmt":"2025-10-22T10:06:11","slug":"assessorament-personalitzat","status":"publish","type":"page","link":"https:\/\/cyma2006.com\/ca\/assessorament-personalitzat\/","title":{"rendered":"Assessorament Personalitzat"},"content":{"rendered":"\t\t<div data-elementor-type=\"wp-page\" data-elementor-id=\"1136\" class=\"elementor elementor-1136 elementor-71\">\n\t\t\t\t<div class=\"elementor-element elementor-element-f7c9578 e-flex e-con-boxed e-con e-parent\" data-id=\"f7c9578\" data-element_type=\"container\" data-settings=\"{&quot;background_background&quot;:&quot;classic&quot;}\">\n\t\t\t\t\t<div class=\"e-con-inner\">\n\t\t<div class=\"elementor-element elementor-element-e0c1496 e-con-full e-flex e-con e-child\" data-id=\"e0c1496\" data-element_type=\"container\">\n\t\t\t\t<div class=\"elementor-element elementor-element-675d791 elementor-widget elementor-widget-heading\" data-id=\"675d791\" data-element_type=\"widget\" data-widget_type=\"heading.default\">\n\t\t\t\t<div class=\"elementor-widget-container\">\n\t\t\t\t\t<h1 class=\"elementor-heading-title elementor-size-default\"><strong>Assessorament<\/strong> per a la teva Mascota a Empuriabrava<\/h1>\t\t\t\t<\/div>\n\t\t\t\t<\/div>\n\t\t\t\t<div class=\"elementor-element elementor-element-8175aae elementor-widget elementor-widget-text-editor\" data-id=\"8175aae\" data-element_type=\"widget\" data-widget_type=\"text-editor.default\">\n\t\t\t\t<div class=\"elementor-widget-container\">\n\t\t\t\t\t\t\t\t\t<p>A <strong>Grup Cyma<\/strong>, no nom\u00e9s cuidem l&#8217;aspecte exterior del teu pelut, tamb\u00e9 ens preocupem per la seva salut, benestar i cura integral. Per aix\u00f2, oferim un servei d&#8217;<strong>assessorament personalitzat<\/strong> per a cada mascota, adaptat al seu tipus de pell, pelatge i necessitats. <\/p>\t\t\t\t\t\t\t\t<\/div>\n\t\t\t\t<\/div>\n\t\t\t\t<div class=\"elementor-element elementor-element-44e8c28 elementor-hidden-mobile elementor-widget elementor-widget-eael-creative-button\" data-id=\"44e8c28\" data-element_type=\"widget\" data-widget_type=\"eael-creative-button.default\">\n\t\t\t\t<div class=\"elementor-widget-container\">\n\t\t\t\t\t        <div class=\"eael-creative-button-wrapper\">\n\n            <a class=\"eael-creative-button eael-creative-button--winona\" href=\"tel:0034972451113\" data-text=\"+34 972 45 11 13\">\n            \t    \n                <div class=\"creative-button-inner\">\n\n                    \n                    <span class=\"cretive-button-text\">Reserva la teva cita<\/span>\n\n                                    <\/div>\n\t                        <\/a>\n        <\/div>\n        \t\t\t\t<\/div>\n\t\t\t\t<\/div>\n\t\t\t\t<\/div>\n\t\t<div class=\"elementor-element elementor-element-20b9686 e-con-full e-flex e-con e-child\" data-id=\"20b9686\" data-element_type=\"container\">\n\t\t\t\t<div class=\"elementor-element elementor-element-24491ef elementor-widget elementor-widget-image\" data-id=\"24491ef\" data-element_type=\"widget\" data-widget_type=\"image.default\">\n\t\t\t\t<div class=\"elementor-widget-container\">\n\t\t\t\t\t\t\t\t\t\t\t\t\t\t\t<img fetchpriority=\"high\" decoding=\"async\" width=\"1280\" height=\"1024\" src=\"https:\/\/cyma2006.com\/wp-content\/uploads\/2025\/10\/dog-08-1.png\" class=\"attachment-large size-large wp-image-1135\" alt=\"Assessorament per a la teva Mascota a Empuriabrava\" srcset=\"https:\/\/cyma2006.com\/wp-content\/uploads\/2025\/10\/dog-08-1.png 1280w, https:\/\/cyma2006.com\/wp-content\/uploads\/2025\/10\/dog-08-1-768x614.png 768w\" sizes=\"(max-width: 1280px) 100vw, 1280px\" \/>\t\t\t\t\t\t\t\t\t\t\t\t\t\t\t<\/div>\n\t\t\t\t<\/div>\n\t\t\t\t<\/div>\n\t\t\t\t\t<\/div>\n\t\t\t\t<\/div>\n\t\t<div class=\"elementor-element elementor-element-922d4fa e-flex e-con-boxed e-con e-parent\" data-id=\"922d4fa\" data-element_type=\"container\">\n\t\t\t\t\t<div class=\"e-con-inner\">\n\t\t<div class=\"elementor-element elementor-element-2922659 e-con-full e-flex e-con e-child\" data-id=\"2922659\" data-element_type=\"container\">\n\t\t\t\t<div class=\"elementor-element elementor-element-6ad3ca6 elementor-hidden-desktop elementor-hidden-tablet elementor-widget elementor-widget-eael-creative-button\" data-id=\"6ad3ca6\" data-element_type=\"widget\" data-widget_type=\"eael-creative-button.default\">\n\t\t\t\t<div class=\"elementor-widget-container\">\n\t\t\t\t\t        <div class=\"eael-creative-button-wrapper\">\n\n            <a class=\"eael-creative-button eael-creative-button--winona\" href=\"tel:0034972451113\" data-text=\"+34 972 45 11 13\">\n            \t    \n                <div class=\"creative-button-inner\">\n\n                    \n                    <span class=\"cretive-button-text\">Reserva la teva cita<\/span>\n\n                                    <\/div>\n\t                        <\/a>\n        <\/div>\n        \t\t\t\t<\/div>\n\t\t\t\t<\/div>\n\t\t\t\t<div class=\"elementor-element elementor-element-4de46e5 elementor-widget elementor-widget-heading\" data-id=\"4de46e5\" data-element_type=\"widget\" data-widget_type=\"heading.default\">\n\t\t\t\t<div class=\"elementor-widget-container\">\n\t\t\t\t\t<h2 class=\"elementor-heading-title elementor-size-default\">Cuidem la seva pell, el seu p\u00e8l i el seu <strong>benestar<\/strong> \ud83d\udc9a<\/h2>\t\t\t\t<\/div>\n\t\t\t\t<\/div>\n\t\t\t\t<div class=\"elementor-element elementor-element-5bf9fac elementor-widget elementor-widget-text-editor\" data-id=\"5bf9fac\" data-element_type=\"widget\" data-widget_type=\"text-editor.default\">\n\t\t\t\t<div class=\"elementor-widget-container\">\n\t\t\t\t\t\t\t\t\t<p>El nostre servei d&#8217;assessorament personalitzat est\u00e0 pensat per resoldre dubtes i oferir solucions reals a problemes comuns com ara:<\/p><ul><li>Pells sensibles o amb irritacions.<\/li><li>Caiguda excessiva de p\u00e8l.<\/li><li>Pelatge sec o sense brillantor.<\/li><li>Al\u00b7l\u00e8rgies o reaccions a certs productes.<\/li><\/ul><p>Treballem amb<strong> alta cosm\u00e8tica canina<\/strong> i t&#8217;ajudem a triar el producte adequat per al teu gos segons el seu tipus de p\u00e8l i pell. El nostre objectiu \u00e9s que gaudeixi dels tractaments i tu notis la difer\u00e8ncia des de la primera visita. <\/p><p>Portem <strong>m\u00e9s de 30 anys<\/strong> dedicats al m\u00f3n animal i sabem que cada gos \u00e9s \u00fanic. El nostre equip t&#8217;orientar\u00e0 en tot el que necessitis per mantenir-lo feli\u00e7, net i amb un pelatge sa. <\/p>\t\t\t\t\t\t\t\t<\/div>\n\t\t\t\t<\/div>\n\t\t\t\t<\/div>\n\t\t<div class=\"elementor-element elementor-element-29bbf52 e-con-full e-flex e-con e-child\" data-id=\"29bbf52\" data-element_type=\"container\">\n\t\t\t\t<div class=\"elementor-element elementor-element-3754c1c elementor-widget elementor-widget-image\" data-id=\"3754c1c\" data-element_type=\"widget\" data-widget_type=\"image.default\">\n\t\t\t\t<div class=\"elementor-widget-container\">\n\t\t\t\t\t\t\t\t\t\t\t\t\t\t\t<img decoding=\"async\" width=\"800\" height=\"1106\" src=\"https:\/\/cyma2006.com\/wp-content\/uploads\/2025\/10\/DSC04479.jpg\" class=\"attachment-large size-large wp-image-1115\" alt=\"Tractament d&#039;est\u00e8tica canina\" srcset=\"https:\/\/cyma2006.com\/wp-content\/uploads\/2025\/10\/DSC04479.jpg 800w, https:\/\/cyma2006.com\/wp-content\/uploads\/2025\/10\/DSC04479-768x1062.jpg 768w\" sizes=\"(max-width: 800px) 100vw, 800px\" \/>\t\t\t\t\t\t\t\t\t\t\t\t\t\t\t<\/div>\n\t\t\t\t<\/div>\n\t\t\t\t<\/div>\n\t\t\t\t\t<\/div>\n\t\t\t\t<\/div>\n\t\t<div class=\"elementor-element elementor-element-829616a e-flex e-con-boxed e-con e-parent\" data-id=\"829616a\" data-element_type=\"container\" data-settings=\"{&quot;background_background&quot;:&quot;classic&quot;}\">\n\t\t\t\t\t<div class=\"e-con-inner\">\n\t\t<div class=\"elementor-element elementor-element-9c377e5 e-con-full e-flex e-con e-child\" data-id=\"9c377e5\" data-element_type=\"container\">\n\t\t\t\t<div class=\"elementor-element elementor-element-67fad00 elementor-widget elementor-widget-heading\" data-id=\"67fad00\" data-element_type=\"widget\" data-widget_type=\"heading.default\">\n\t\t\t\t<div class=\"elementor-widget-container\">\n\t\t\t\t\t<h2 class=\"elementor-heading-title elementor-size-default\">Experts en est\u00e8tica i perruqueria canina<\/h2>\t\t\t\t<\/div>\n\t\t\t\t<\/div>\n\t\t\t\t<div class=\"elementor-element elementor-element-fa2c548 elementor-widget elementor-widget-text-editor\" data-id=\"fa2c548\" data-element_type=\"widget\" data-widget_type=\"text-editor.default\">\n\t\t\t\t<div class=\"elementor-widget-container\">\n\t\t\t\t\t\t\t\t\tA Grup Cyma no ens limitem a tallar o rentar.\nT&#8217;ensenyem com mantenir el pelatge del teu gos entre sessions, com raspallar-lo correctament i quines rutines seguir per evitar embolics o problemes d\u00e8rmics.\nA m\u00e9s, t&#8217;orientem sobre la freq\u00fc\u00e8ncia ideal de visita a la perruqueria o est\u00e8tica canina, segons la seva ra\u00e7a i el seu estil de vida.\t\t\t\t\t\t\t\t<\/div>\n\t\t\t\t<\/div>\n\t\t\t\t<\/div>\n\t\t<div class=\"elementor-element elementor-element-50660a9 e-con-full e-flex e-con e-child\" data-id=\"50660a9\" data-element_type=\"container\">\n\t\t\t\t<div class=\"elementor-element elementor-element-3af7ec3 elementor-widget elementor-widget-heading\" data-id=\"3af7ec3\" data-element_type=\"widget\" data-widget_type=\"heading.default\">\n\t\t\t\t<div class=\"elementor-widget-container\">\n\t\t\t\t\t<h3 class=\"elementor-heading-title elementor-size-default\">Un tracte \u00fanic, amb filosofia Non Stress<\/h3>\t\t\t\t<\/div>\n\t\t\t\t<\/div>\n\t\t\t\t<div class=\"elementor-element elementor-element-fac1f6d elementor-widget elementor-widget-text-editor\" data-id=\"fac1f6d\" data-element_type=\"widget\" data-widget_type=\"text-editor.default\">\n\t\t\t\t<div class=\"elementor-widget-container\">\n\t\t\t\t\t\t\t\t\t<p>Sabem que algunes mascotes poden posar-se nervioses en venir a la perruqueria. Per aix\u00f2, el nostre equip aplica el concepte \u201cNon Stress\u201d, adaptant cada sessi\u00f3 al ritme i car\u00e0cter de l&#8217;animal.<br>Volem que cada visita sigui una experi\u00e8ncia positiva tant per al teu gos com per a tu. <\/p>\t\t\t\t\t\t\t\t<\/div>\n\t\t\t\t<\/div>\n\t\t\t\t<\/div>\n\t\t\t\t\t<\/div>\n\t\t\t\t<\/div>\n\t\t<div class=\"elementor-element elementor-element-2c72ff7 e-flex e-con-boxed e-con e-parent\" data-id=\"2c72ff7\" data-element_type=\"container\">\n\t\t\t\t\t<div class=\"e-con-inner\">\n\t\t\t\t\t<\/div>\n\t\t\t\t<\/div>\n\t\t<div class=\"elementor-element elementor-element-7e35d47 e-flex e-con-boxed e-con e-parent\" data-id=\"7e35d47\" data-element_type=\"container\" data-settings=\"{&quot;background_background&quot;:&quot;classic&quot;,&quot;shape_divider_bottom&quot;:&quot;waves&quot;}\">\n\t\t\t\t\t<div class=\"e-con-inner\">\n\t\t\t\t<div class=\"elementor-shape elementor-shape-bottom\" aria-hidden=\"true\" data-negative=\"false\">\n\t\t\t<svg xmlns=\"http:\/\/www.w3.org\/2000\/svg\" viewBox=\"0 0 1000 100\" preserveAspectRatio=\"none\">\n\t<path class=\"elementor-shape-fill\" d=\"M421.9,6.5c22.6-2.5,51.5,0.4,75.5,5.3c23.6,4.9,70.9,23.5,100.5,35.7c75.8,32.2,133.7,44.5,192.6,49.7\n\tc23.6,2.1,48.7,3.5,103.4-2.5c54.7-6,106.2-25.6,106.2-25.6V0H0v30.3c0,0,72,32.6,158.4,30.5c39.2-0.7,92.8-6.7,134-22.4\n\tc21.2-8.1,52.2-18.2,79.7-24.2C399.3,7.9,411.6,7.5,421.9,6.5z\"\/>\n<\/svg>\t\t<\/div>\n\t\t\t\t<div class=\"elementor-element elementor-element-99b5584 elementor-widget elementor-widget-heading\" data-id=\"99b5584\" data-element_type=\"widget\" data-widget_type=\"heading.default\">\n\t\t\t\t<div class=\"elementor-widget-container\">\n\t\t\t\t\t<h3 class=\"elementor-heading-title elementor-size-default\">Tens dubtes sobre la cura de la teva mascota?<\/h3>\t\t\t\t<\/div>\n\t\t\t\t<\/div>\n\t\t\t\t<div class=\"elementor-element elementor-element-4420a36 elementor-widget elementor-widget-text-editor\" data-id=\"4420a36\" data-element_type=\"widget\" data-widget_type=\"text-editor.default\">\n\t\t\t\t<div class=\"elementor-widget-container\">\n\t\t\t\t\t\t\t\t\t<p><strong>Cada gos \u00e9s \u00fanic, i la seva pell i pelatge tamb\u00e9 ho s\u00f3n.<\/strong><br>A Grup Cyma, t&#8217;oferim assessorament personalitzat a Empuriabrava per ajudar-te a triar les millors cures, productes i rutines per al teu company pelut. Truca&#8217;ns i rep l&#8217;orientaci\u00f3 d&#8217;experts en est\u00e8tica i perruqueria canina. <\/p>\t\t\t\t\t\t\t\t<\/div>\n\t\t\t\t<\/div>\n\t\t\t\t<div class=\"elementor-element elementor-element-3407fb1 elementor-widget elementor-widget-eael-creative-button\" data-id=\"3407fb1\" data-element_type=\"widget\" data-widget_type=\"eael-creative-button.default\">\n\t\t\t\t<div class=\"elementor-widget-container\">\n\t\t\t\t\t        <div class=\"eael-creative-button-wrapper\">\n\n            <a class=\"eael-creative-button eael-creative-button--winona\" href=\"tel:0034972451113\" data-text=\"+34 972 45 11 13\">\n            \t    \n                <div class=\"creative-button-inner\">\n\n                    \n                    <span class=\"cretive-button-text\">Reserva el teu assessorament personalitzat<\/span>\n\n                                    <\/div>\n\t                        <\/a>\n        <\/div>\n        \t\t\t\t<\/div>\n\t\t\t\t<\/div>\n\t\t\t\t\t<\/div>\n\t\t\t\t<\/div>\n\t\t\t\t<\/div>\n\t\t","protected":false},"excerpt":{"rendered":"<p>Assessorament per a la teva Mascota a Empuriabrava A Grup Cyma, no nom\u00e9s cuidem l&#8217;aspecte exterior del teu pelut, tamb\u00e9 [&hellip;]<\/p>\n","protected":false},"author":1,"featured_media":0,"parent":0,"menu_order":0,"comment_status":"closed","ping_status":"closed","template":"","meta":{"site-sidebar-layout":"no-sidebar","site-content-layout":"","ast-site-content-layout":"full-width-container","site-content-style":"default","site-sidebar-style":"default","ast-global-header-display":"","ast-banner-title-visibility":"","ast-main-header-display":"","ast-hfb-above-header-display":"","ast-hfb-below-header-display":"","ast-hfb-mobile-header-display":"","site-post-title":"disabled","ast-breadcrumbs-content":"","ast-featured-img":"disabled","footer-sml-layout":"","theme-transparent-header-meta":"default","adv-header-id-meta":"","stick-header-meta":"default","header-above-stick-meta":"","header-main-stick-meta":"","header-below-stick-meta":"","astra-migrate-meta-layouts":"default","ast-page-background-enabled":"default","ast-page-background-meta":{"desktop":{"background-color":"var(--ast-global-color-5)","background-image":"","background-repeat":"repeat","background-position":"center center","background-size":"auto","background-attachment":"scroll","background-type":"","background-media":"","overlay-type":"","overlay-color":"","overlay-opacity":"","overlay-gradient":""},"tablet":{"background-color":"","background-image":"","background-repeat":"repeat","background-position":"center center","background-size":"auto","background-attachment":"scroll","background-type":"","background-media":"","overlay-type":"","overlay-color":"","overlay-opacity":"","overlay-gradient":""},"mobile":{"background-color":"","background-image":"","background-repeat":"repeat","background-position":"center center","background-size":"auto","background-attachment":"scroll","background-type":"","background-media":"","overlay-type":"","overlay-color":"","overlay-opacity":"","overlay-gradient":""}},"ast-content-background-meta":{"desktop":{"background-color":"var(--ast-global-color-4)","background-image":"","background-repeat":"repeat","background-position":"center center","background-size":"auto","background-attachment":"scroll","background-type":"","background-media":"","overlay-type":"","overlay-color":"","overlay-opacity":"","overlay-gradient":""},"tablet":{"background-color":"var(--ast-global-color-4)","background-image":"","background-repeat":"repeat","background-position":"center center","background-size":"auto","background-attachment":"scroll","background-type":"","background-media":"","overlay-type":"","overlay-color":"","overlay-opacity":"","overlay-gradient":""},"mobile":{"background-color":"var(--ast-global-color-4)","background-image":"","background-repeat":"repeat","background-position":"center center","background-size":"auto","background-attachment":"scroll","background-type":"","background-media":"","overlay-type":"","overlay-color":"","overlay-opacity":"","overlay-gradient":""}},"footnotes":""},"class_list":["post-1136","page","type-page","status-publish","hentry"],"yoast_head":"<!-- This site is optimized with the Yoast SEO plugin v26.2 - https:\/\/yoast.com\/wordpress\/plugins\/seo\/ -->\n<title>Assessorament personalitzat per a la teva mascota - Grup Cyma<\/title>\n<meta name=\"description\" content=\"Servei d&#039;assessorament personalitzat per a cada mascota, adaptat al seu tipus de pell, pelatge i necessitats espec\u00edfiques.\" \/>\n<meta name=\"robots\" content=\"index, follow, max-snippet:-1, max-image-preview:large, max-video-preview:-1\" \/>\n<link rel=\"canonical\" href=\"https:\/\/cyma2006.com\/ca\/assessorament-personalitzat\/\" \/>\n<meta property=\"og:locale\" content=\"ca_ES\" \/>\n<meta property=\"og:type\" content=\"article\" \/>\n<meta property=\"og:title\" content=\"Assessorament personalitzat per a la teva mascota - Grup Cyma\" \/>\n<meta property=\"og:description\" content=\"Servei d&#039;assessorament personalitzat per a cada mascota, adaptat al seu tipus de pell, pelatge i necessitats espec\u00edfiques.\" \/>\n<meta property=\"og:url\" content=\"https:\/\/cyma2006.com\/ca\/assessorament-personalitzat\/\" \/>\n<meta property=\"og:site_name\" content=\"Grupo Cyma 2006\" \/>\n<meta property=\"article:modified_time\" content=\"2025-10-22T10:06:11+00:00\" \/>\n<meta property=\"og:image\" content=\"https:\/\/cyma2006.com\/wp-content\/uploads\/2025\/10\/dog-08-1.png\" \/>\n\t<meta property=\"og:image:width\" content=\"1280\" \/>\n\t<meta property=\"og:image:height\" content=\"1024\" \/>\n\t<meta property=\"og:image:type\" content=\"image\/png\" \/>\n<meta name=\"twitter:card\" content=\"summary_large_image\" \/>\n<meta name=\"twitter:label1\" content=\"Temps estimat de lectura\" \/>\n\t<meta name=\"twitter:data1\" content=\"2 minuts\" \/>\n<script type=\"application\/ld+json\" class=\"yoast-schema-graph\">{\"@context\":\"https:\/\/schema.org\",\"@graph\":[{\"@type\":\"WebPage\",\"@id\":\"https:\/\/cyma2006.com\/ca\/assessorament-personalitzat\/\",\"url\":\"https:\/\/cyma2006.com\/ca\/assessorament-personalitzat\/\",\"name\":\"Assessorament personalitzat per a la teva mascota - Grup Cyma\",\"isPartOf\":{\"@id\":\"https:\/\/cyma2006.com\/ca\/#website\"},\"primaryImageOfPage\":{\"@id\":\"https:\/\/cyma2006.com\/ca\/assessorament-personalitzat\/#primaryimage\"},\"image\":{\"@id\":\"https:\/\/cyma2006.com\/ca\/assessorament-personalitzat\/#primaryimage\"},\"thumbnailUrl\":\"https:\/\/cyma2006.com\/wp-content\/uploads\/2025\/10\/dog-08-1.png\",\"datePublished\":\"2025-10-02T14:55:55+00:00\",\"dateModified\":\"2025-10-22T10:06:11+00:00\",\"description\":\"Servei d'assessorament personalitzat per a cada mascota, adaptat al seu tipus de pell, pelatge i necessitats espec\u00edfiques.\",\"breadcrumb\":{\"@id\":\"https:\/\/cyma2006.com\/ca\/assessorament-personalitzat\/#breadcrumb\"},\"inLanguage\":\"ca\",\"potentialAction\":[{\"@type\":\"ReadAction\",\"target\":[\"https:\/\/cyma2006.com\/ca\/assessorament-personalitzat\/\"]}]},{\"@type\":\"ImageObject\",\"inLanguage\":\"ca\",\"@id\":\"https:\/\/cyma2006.com\/ca\/assessorament-personalitzat\/#primaryimage\",\"url\":\"https:\/\/cyma2006.com\/wp-content\/uploads\/2025\/10\/dog-08-1.png\",\"contentUrl\":\"https:\/\/cyma2006.com\/wp-content\/uploads\/2025\/10\/dog-08-1.png\"},{\"@type\":\"BreadcrumbList\",\"@id\":\"https:\/\/cyma2006.com\/ca\/assessorament-personalitzat\/#breadcrumb\",\"itemListElement\":[{\"@type\":\"ListItem\",\"position\":1,\"name\":\"Portada\",\"item\":\"https:\/\/cyma2006.com\/ca\/\"},{\"@type\":\"ListItem\",\"position\":2,\"name\":\"Assessorament Personalitzat\"}]},{\"@type\":\"WebSite\",\"@id\":\"https:\/\/cyma2006.com\/ca\/#website\",\"url\":\"https:\/\/cyma2006.com\/ca\/\",\"name\":\"Grup Cyma 2006\",\"description\":\"Peluquer\u00eda Canina en Empuriabrava\",\"publisher\":{\"@id\":\"https:\/\/cyma2006.com\/ca\/#organization\"},\"potentialAction\":[{\"@type\":\"SearchAction\",\"target\":{\"@type\":\"EntryPoint\",\"urlTemplate\":\"https:\/\/cyma2006.com\/ca\/?s={search_term_string}\"},\"query-input\":{\"@type\":\"PropertyValueSpecification\",\"valueRequired\":true,\"valueName\":\"search_term_string\"}}],\"inLanguage\":\"ca\"},{\"@type\":\"Organization\",\"@id\":\"https:\/\/cyma2006.com\/ca\/#organization\",\"name\":\"Grup Cyma 2006\",\"url\":\"https:\/\/cyma2006.com\/ca\/\",\"logo\":{\"@type\":\"ImageObject\",\"inLanguage\":\"ca\",\"@id\":\"https:\/\/cyma2006.com\/ca\/#\/schema\/logo\/image\/\",\"url\":\"https:\/\/cyma2006.com\/wp-content\/uploads\/2025\/10\/logo-1.png\",\"contentUrl\":\"https:\/\/cyma2006.com\/wp-content\/uploads\/2025\/10\/logo-1.png\",\"width\":531,\"height\":224,\"caption\":\"Grup Cyma 2006\"},\"image\":{\"@id\":\"https:\/\/cyma2006.com\/ca\/#\/schema\/logo\/image\/\"}}]}<\/script>\n<!-- \/ Yoast SEO plugin. -->","yoast_head_json":{"title":"Assessorament personalitzat per a la teva mascota - Grup Cyma","description":"Servei d'assessorament personalitzat per a cada mascota, adaptat al seu tipus de pell, pelatge i necessitats espec\u00edfiques.","robots":{"index":"index","follow":"follow","max-snippet":"max-snippet:-1","max-image-preview":"max-image-preview:large","max-video-preview":"max-video-preview:-1"},"canonical":"https:\/\/cyma2006.com\/ca\/assessorament-personalitzat\/","og_locale":"ca_ES","og_type":"article","og_title":"Assessorament personalitzat per a la teva mascota - Grup Cyma","og_description":"Servei d'assessorament personalitzat per a cada mascota, adaptat al seu tipus de pell, pelatge i necessitats espec\u00edfiques.","og_url":"https:\/\/cyma2006.com\/ca\/assessorament-personalitzat\/","og_site_name":"Grupo Cyma 2006","article_modified_time":"2025-10-22T10:06:11+00:00","og_image":[{"width":1280,"height":1024,"url":"https:\/\/cyma2006.com\/wp-content\/uploads\/2025\/10\/dog-08-1.png","type":"image\/png"}],"twitter_card":"summary_large_image","twitter_misc":{"Temps estimat de lectura":"2 minuts"},"schema":{"@context":"https:\/\/schema.org","@graph":[{"@type":"WebPage","@id":"https:\/\/cyma2006.com\/ca\/assessorament-personalitzat\/","url":"https:\/\/cyma2006.com\/ca\/assessorament-personalitzat\/","name":"Assessorament personalitzat per a la teva mascota - Grup Cyma","isPartOf":{"@id":"https:\/\/cyma2006.com\/ca\/#website"},"primaryImageOfPage":{"@id":"https:\/\/cyma2006.com\/ca\/assessorament-personalitzat\/#primaryimage"},"image":{"@id":"https:\/\/cyma2006.com\/ca\/assessorament-personalitzat\/#primaryimage"},"thumbnailUrl":"https:\/\/cyma2006.com\/wp-content\/uploads\/2025\/10\/dog-08-1.png","datePublished":"2025-10-02T14:55:55+00:00","dateModified":"2025-10-22T10:06:11+00:00","description":"Servei d'assessorament personalitzat per a cada mascota, adaptat al seu tipus de pell, pelatge i necessitats espec\u00edfiques.","breadcrumb":{"@id":"https:\/\/cyma2006.com\/ca\/assessorament-personalitzat\/#breadcrumb"},"inLanguage":"ca","potentialAction":[{"@type":"ReadAction","target":["https:\/\/cyma2006.com\/ca\/assessorament-personalitzat\/"]}]},{"@type":"ImageObject","inLanguage":"ca","@id":"https:\/\/cyma2006.com\/ca\/assessorament-personalitzat\/#primaryimage","url":"https:\/\/cyma2006.com\/wp-content\/uploads\/2025\/10\/dog-08-1.png","contentUrl":"https:\/\/cyma2006.com\/wp-content\/uploads\/2025\/10\/dog-08-1.png"},{"@type":"BreadcrumbList","@id":"https:\/\/cyma2006.com\/ca\/assessorament-personalitzat\/#breadcrumb","itemListElement":[{"@type":"ListItem","position":1,"name":"Portada","item":"https:\/\/cyma2006.com\/ca\/"},{"@type":"ListItem","position":2,"name":"Assessorament Personalitzat"}]},{"@type":"WebSite","@id":"https:\/\/cyma2006.com\/ca\/#website","url":"https:\/\/cyma2006.com\/ca\/","name":"Grup Cyma 2006","description":"Peluquer\u00eda Canina en Empuriabrava","publisher":{"@id":"https:\/\/cyma2006.com\/ca\/#organization"},"potentialAction":[{"@type":"SearchAction","target":{"@type":"EntryPoint","urlTemplate":"https:\/\/cyma2006.com\/ca\/?s={search_term_string}"},"query-input":{"@type":"PropertyValueSpecification","valueRequired":true,"valueName":"search_term_string"}}],"inLanguage":"ca"},{"@type":"Organization","@id":"https:\/\/cyma2006.com\/ca\/#organization","name":"Grup Cyma 2006","url":"https:\/\/cyma2006.com\/ca\/","logo":{"@type":"ImageObject","inLanguage":"ca","@id":"https:\/\/cyma2006.com\/ca\/#\/schema\/logo\/image\/","url":"https:\/\/cyma2006.com\/wp-content\/uploads\/2025\/10\/logo-1.png","contentUrl":"https:\/\/cyma2006.com\/wp-content\/uploads\/2025\/10\/logo-1.png","width":531,"height":224,"caption":"Grup Cyma 2006"},"image":{"@id":"https:\/\/cyma2006.com\/ca\/#\/schema\/logo\/image\/"}}]}},"_links":{"self":[{"href":"https:\/\/cyma2006.com\/ca\/wp-json\/wp\/v2\/pages\/1136","targetHints":{"allow":["GET"]}}],"collection":[{"href":"https:\/\/cyma2006.com\/ca\/wp-json\/wp\/v2\/pages"}],"about":[{"href":"https:\/\/cyma2006.com\/ca\/wp-json\/wp\/v2\/types\/page"}],"author":[{"embeddable":true,"href":"https:\/\/cyma2006.com\/ca\/wp-json\/wp\/v2\/users\/1"}],"replies":[{"embeddable":true,"href":"https:\/\/cyma2006.com\/ca\/wp-json\/wp\/v2\/comments?post=1136"}],"version-history":[{"count":1,"href":"https:\/\/cyma2006.com\/ca\/wp-json\/wp\/v2\/pages\/1136\/revisions"}],"predecessor-version":[{"id":1138,"href":"https:\/\/cyma2006.com\/ca\/wp-json\/wp\/v2\/pages\/1136\/revisions\/1138"}],"wp:attachment":[{"href":"https:\/\/cyma2006.com\/ca\/wp-json\/wp\/v2\/media?parent=1136"}],"curies":[{"name":"wp","href":"https:\/\/api.w.org\/{rel}","templated":true}]}}